{"id":1710,"date":"2025-12-11T15:31:33","date_gmt":"2025-12-11T13:31:33","guid":{"rendered":"https:\/\/100playground.ro\/?page_id=1710"},"modified":"2025-12-29T12:33:51","modified_gmt":"2025-12-29T10:33:51","slug":"escape-room-2","status":"publish","type":"page","link":"https:\/\/100playground.ro\/en\/escape-room-2\/","title":{"rendered":"Evadare din trecut  &#8211; escape room imersiv"},"content":{"rendered":"<div class=\"wp-block-columns is-layout-flex wp-container-core-columns-is-layout-9d6595d7 wp-block-columns-is-layout-flex\">\n<div class=\"wp-block-column is-layout-flow wp-block-column-is-layout-flow\" style=\"flex-basis:1200px\">\n<div class=\"wp-block-columns is-layout-flex wp-container-core-columns-is-layout-9d6595d7 wp-block-columns-is-layout-flex\">\n<div class=\"wp-block-column is-layout-flow wp-block-column-is-layout-flow\" style=\"flex-basis:66.66%\">\n<div style=\"height:64px\" aria-hidden=\"true\" class=\"wp-block-spacer\"><\/div>\n\n\n\n<h1 class=\"wp-block-heading has-large-font-size\"><strong>Experien\u021b\u0103 imersiv\u0103 despre via\u021ba \u00eentr-un regim totalitar<\/strong><\/h1>\n\n\n\n<p class=\"justificat has-medium-font-size\">\u201eEvadare din trecut\u201d este un proiect educa\u021bional inovator care \u00eei introduce pe elevi \u00een realitatea dur\u0103 a comunismului printr-o experien\u021b\u0103 imersiv\u0103 de tip escape room \u0219i dou\u0103 scene VR. \u00centr-un context \u00een care peste jum\u0103tate dintre tineri consider\u0103 comunismul benefic \u015fi \u00eel privesc pe Ceau\u0219escu drept un lider bun, proiectul le ofer\u0103 \u0219ansa rar\u0103 de a sim\u021bi ce \u00eenseamn\u0103 pierderea libert\u0103\u021bii, presiunea, cenzura \u0219i manipularea unui regim opresiv.<br><strong>Nu este o lec\u021bie, nici un joc.<\/strong><\/p>\n\n\n\n<p class=\"justificat has-medium-font-size\">Este un spa\u021biu controlat \u00een care adolescen\u021bii \u00een\u021beleg diferen\u021ba dintre democra\u021bie \u0219i dictatur\u0103 prin tr\u0103ire direct\u0103 \u2014 o experien\u021b\u0103 care schimb\u0103 percep\u021bii, formeaz\u0103 g\u00e2ndire critic\u0103 \u0219i construie\u0219te rezilien\u021b\u0103 civic\u0103.<br>O genera\u021bie informat\u0103 poate schimba viitorul.<br>O genera\u021bie care simte trecutul \u00eel \u00een\u021belege cu adev\u0103rat.<\/p>\n\n\n\n<div style=\"height:9px\" aria-hidden=\"true\" class=\"wp-block-spacer\"><\/div>\n<\/div>\n\n\n\n<div class=\"wp-block-column is-layout-flow wp-block-column-is-layout-flow\" style=\"flex-basis:33.33%\">\n<figure class=\"wp-block-video aligncenter\"><video controls poster=\"https:\/\/100playground.ro\/wp-content\/uploads\/2025\/11\/Screenshot-2025-11-30-at-18.44.29.png\" src=\"https:\/\/100playground.ro\/wp-content\/uploads\/2025\/11\/intro-escape-room.mp4\" playsinline><\/video><\/figure>\n<\/div>\n<\/div>\n\n\n<iframe src=\"https:\/\/100playground.ro\/en\/wp-json\/ssa\/v1\/embed-inner?integration&type=escape-room&label&types=1&edit&view&payment_provider&ssa_locale=en_US&ssa_is_rtl&sid=c525b8ab6718cc56724ae9f9edb2c2eb2f386038&availability_start_date&availability_end_date&suggest_first_available&suggest_first_available_within_minutes&flow&fallback_flow&time_view&date_view&appointment_types_view&version&accent_color&background&padding&font&booking_url=https%3A%2F%2F100playground.ro%2Fen%2Fescape-room-2%2F&booking_post_id=1710&booking_title=Evadare+din+trecut++%26%238211%3B+escape+room+imersiv&_wpnonce=0b9e4d14d2&redirect_post_id&mepr_membership_id#\/\" height=\"400px\" width=\"100%\" name=\"ssa_booking\" loading=\"eager\" frameborder=\"0\" data-skip-lazy=\"1\" class=\"ssa_booking_iframe skip-lazy\" title=\"Book a time\"><\/iframe>\n\n\n\n<div style=\"height:142px\" aria-hidden=\"true\" class=\"wp-block-spacer\"><\/div>\n\n\n\n<hr class=\"wp-block-separator has-alpha-channel-opacity is-style-wide\"\/>\n\n\n\n<div class=\"wp-block-columns is-layout-flex wp-container-core-columns-is-layout-9d6595d7 wp-block-columns-is-layout-flex\">\n<div class=\"wp-block-column is-layout-flow wp-block-column-is-layout-flow\">\n<figure class=\"wp-block-image size-full\"><img fetchpriority=\"high\" decoding=\"async\" width=\"329\" height=\"267\" src=\"https:\/\/100playground.ro\/wp-content\/uploads\/2020\/11\/start_ong.png\" alt=\"\" class=\"wp-image-1583\" srcset=\"https:\/\/100playground.ro\/wp-content\/uploads\/2020\/11\/start_ong.png 329w, https:\/\/100playground.ro\/wp-content\/uploads\/2020\/11\/start_ong-300x243.png 300w\" sizes=\"(max-width: 329px) 100vw, 329px\" \/><\/figure>\n<\/div>\n\n\n\n<div class=\"wp-block-column is-layout-flow wp-block-column-is-layout-flow\">\n<figure class=\"wp-block-image size-full\"><img decoding=\"async\" width=\"600\" height=\"321\" src=\"https:\/\/100playground.ro\/wp-content\/uploads\/2018\/11\/logo-maria-negru.png\" alt=\"\" class=\"wp-image-145\" srcset=\"https:\/\/100playground.ro\/wp-content\/uploads\/2018\/11\/logo-maria-negru.png 600w, https:\/\/100playground.ro\/wp-content\/uploads\/2018\/11\/logo-maria-negru-300x161.png 300w, https:\/\/100playground.ro\/wp-content\/uploads\/2018\/11\/logo-maria-negru-79x42.png 79w, https:\/\/100playground.ro\/wp-content\/uploads\/2018\/11\/logo-maria-negru-150x80.png 150w, https:\/\/100playground.ro\/wp-content\/uploads\/2018\/11\/logo-maria-negru-394x211.png 394w\" sizes=\"(max-width: 600px) 100vw, 600px\" \/><\/figure>\n<\/div>\n\n\n\n<div class=\"wp-block-column is-layout-flow wp-block-column-is-layout-flow\">\n<figure class=\"wp-block-image size-large\"><img decoding=\"async\" width=\"1024\" height=\"500\" src=\"https:\/\/100playground.ro\/wp-content\/uploads\/2020\/11\/act-tomorrow-1-1024x500.png\" alt=\"\" class=\"wp-image-1597\" srcset=\"https:\/\/100playground.ro\/wp-content\/uploads\/2020\/11\/act-tomorrow-1-1024x500.png 1024w, https:\/\/100playground.ro\/wp-content\/uploads\/2020\/11\/act-tomorrow-1-300x147.png 300w, https:\/\/100playground.ro\/wp-content\/uploads\/2020\/11\/act-tomorrow-1-768x375.png 768w, https:\/\/100playground.ro\/wp-content\/uploads\/2020\/11\/act-tomorrow-1.png 1332w\" sizes=\"(max-width: 1024px) 100vw, 1024px\" \/><\/figure>\n<\/div>\n\n\n\n<div class=\"wp-block-column is-layout-flow wp-block-column-is-layout-flow\">\n<figure class=\"wp-block-image size-full\"><img loading=\"lazy\" decoding=\"async\" width=\"300\" height=\"158\" src=\"https:\/\/100playground.ro\/wp-content\/uploads\/2020\/11\/implicarea-face-diferenta-logo-300x158-1.png\" alt=\"\" class=\"wp-image-1582\"\/><\/figure>\n<\/div>\n<\/div>\n<\/div>\n<\/div>\n\n\n\n<p><\/p>","protected":false},"excerpt":{"rendered":"<p>Experien\u021b\u0103 imersiv\u0103 despre via\u021ba \u00eentr-un regim totalitar \u201eEvadare din trecut\u201d este un proiect educa\u021bional inovator care \u00eei introduce pe elevi \u00een realitatea dur\u0103 a comunismului printr-o experien\u021b\u0103 imersiv\u0103 de tip escape room \u0219i dou\u0103 scene VR. \u00centr-un context \u00een care peste jum\u0103tate dintre tineri consider\u0103 comunismul benefic \u015fi \u00eel privesc pe Ceau\u0219escu drept un lider [&hellip;]<\/p>","protected":false},"author":1,"featured_media":0,"parent":0,"menu_order":0,"comment_status":"closed","ping_status":"closed","template":"","meta":{"_monsterinsights_skip_tracking":false,"_monsterinsights_sitenote_active":false,"_monsterinsights_sitenote_note":"","_monsterinsights_sitenote_category":0,"ocean_post_layout":"full-width","ocean_both_sidebars_style":"","ocean_both_sidebars_content_width":0,"ocean_both_sidebars_sidebars_width":0,"ocean_sidebar":"0","ocean_second_sidebar":"0","ocean_disable_margins":"enable","ocean_add_body_class":"","ocean_shortcode_before_top_bar":"","ocean_shortcode_after_top_bar":"","ocean_shortcode_before_header":"","ocean_shortcode_after_header":"","ocean_has_shortcode":"","ocean_shortcode_after_title":"","ocean_shortcode_before_footer_widgets":"","ocean_shortcode_after_footer_widgets":"","ocean_shortcode_before_footer_bottom":"","ocean_shortcode_after_footer_bottom":"","ocean_display_top_bar":"default","ocean_display_header":"default","ocean_header_style":"","ocean_center_header_left_menu":"0","ocean_custom_header_template":"0","ocean_custom_logo":0,"ocean_custom_retina_logo":0,"ocean_custom_logo_max_width":0,"ocean_custom_logo_tablet_max_width":0,"ocean_custom_logo_mobile_max_width":0,"ocean_custom_logo_max_height":0,"ocean_custom_logo_tablet_max_height":0,"ocean_custom_logo_mobile_max_height":0,"ocean_header_custom_menu":"0","ocean_menu_typo_font_family":"0","ocean_menu_typo_font_subset":"","ocean_menu_typo_font_size":0,"ocean_menu_typo_font_size_tablet":0,"ocean_menu_typo_font_size_mobile":0,"ocean_menu_typo_font_size_unit":"px","ocean_menu_typo_font_weight":"","ocean_menu_typo_font_weight_tablet":"","ocean_menu_typo_font_weight_mobile":"","ocean_menu_typo_transform":"","ocean_menu_typo_transform_tablet":"","ocean_menu_typo_transform_mobile":"","ocean_menu_typo_line_height":0,"ocean_menu_typo_line_height_tablet":0,"ocean_menu_typo_line_height_mobile":0,"ocean_menu_typo_line_height_unit":"","ocean_menu_typo_spacing":0,"ocean_menu_typo_spacing_tablet":0,"ocean_menu_typo_spacing_mobile":0,"ocean_menu_typo_spacing_unit":"","ocean_menu_link_color":"","ocean_menu_link_color_hover":"","ocean_menu_link_color_active":"","ocean_menu_link_background":"","ocean_menu_link_hover_background":"","ocean_menu_link_active_background":"","ocean_menu_social_links_bg":"","ocean_menu_social_hover_links_bg":"","ocean_menu_social_links_color":"","ocean_menu_social_hover_links_color":"","ocean_disable_title":"default","ocean_disable_heading":"default","ocean_post_title":"","ocean_post_subheading":"","ocean_post_title_style":"","ocean_post_title_background_color":"","ocean_post_title_background":0,"ocean_post_title_bg_image_position":"","ocean_post_title_bg_image_attachment":"","ocean_post_title_bg_image_repeat":"","ocean_post_title_bg_image_size":"","ocean_post_title_height":0,"ocean_post_title_bg_overlay":0.5,"ocean_post_title_bg_overlay_color":"","ocean_disable_breadcrumbs":"default","ocean_breadcrumbs_color":"","ocean_breadcrumbs_separator_color":"","ocean_breadcrumbs_links_color":"","ocean_breadcrumbs_links_hover_color":"","ocean_display_footer_widgets":"default","ocean_display_footer_bottom":"default","ocean_custom_footer_template":"0","omw_enable_modal_window":"enable","footnotes":""},"class_list":["post-1710","page","type-page","status-publish","hentry","entry"],"yoast_head":"<!-- This site is optimized with the Yoast SEO plugin v26.4 - https:\/\/yoast.com\/wordpress\/plugins\/seo\/ -->\n<title>Evadare din trecut - escape room imersiv - 100% Playground<\/title>\n<meta name=\"robots\" content=\"index, follow, max-snippet:-1, max-image-preview:large, max-video-preview:-1\" \/>\n<link rel=\"canonical\" href=\"https:\/\/100playground.ro\/en\/escape-room-2\/\" \/>\n<meta property=\"og:locale\" content=\"en_US\" \/>\n<meta property=\"og:type\" content=\"article\" \/>\n<meta property=\"og:title\" content=\"Evadare din trecut - escape room imersiv - 100% Playground\" \/>\n<meta property=\"og:description\" content=\"Experien\u021b\u0103 imersiv\u0103 despre via\u021ba \u00eentr-un regim totalitar \u201eEvadare din trecut\u201d este un proiect educa\u021bional inovator care \u00eei introduce pe elevi \u00een realitatea dur\u0103 a comunismului printr-o experien\u021b\u0103 imersiv\u0103 de tip escape room \u0219i dou\u0103 scene VR. \u00centr-un context \u00een care peste jum\u0103tate dintre tineri consider\u0103 comunismul benefic \u015fi \u00eel privesc pe Ceau\u0219escu drept un lider [&hellip;]\" \/>\n<meta property=\"og:url\" content=\"https:\/\/100playground.ro\/en\/escape-room-2\/\" \/>\n<meta property=\"og:site_name\" content=\"100% Playground\" \/>\n<meta property=\"article:modified_time\" content=\"2025-12-29T10:33:51+00:00\" \/>\n<meta property=\"og:image\" content=\"https:\/\/100playground.ro\/wp-content\/uploads\/2020\/11\/start_ong.png\" \/>\n\t<meta property=\"og:image:width\" content=\"329\" \/>\n\t<meta property=\"og:image:height\" content=\"267\" \/>\n\t<meta property=\"og:image:type\" content=\"image\/png\" \/>\n<meta name=\"twitter:card\" content=\"summary_large_image\" \/>\n<meta name=\"twitter:label1\" content=\"Est. reading time\" \/>\n\t<meta name=\"twitter:data1\" content=\"2 minutes\" \/>\n<script type=\"application\/ld+json\" class=\"yoast-schema-graph\">{\"@context\":\"https:\/\/schema.org\",\"@graph\":[{\"@type\":\"WebPage\",\"@id\":\"https:\/\/100playground.ro\/escape-room-2\/\",\"url\":\"https:\/\/100playground.ro\/escape-room-2\/\",\"name\":\"Evadare din trecut - escape room imersiv - 100% Playground\",\"isPartOf\":{\"@id\":\"https:\/\/100playground.ro\/#website\"},\"primaryImageOfPage\":{\"@id\":\"https:\/\/100playground.ro\/escape-room-2\/#primaryimage\"},\"image\":{\"@id\":\"https:\/\/100playground.ro\/escape-room-2\/#primaryimage\"},\"thumbnailUrl\":\"https:\/\/100playground.ro\/wp-content\/uploads\/2020\/11\/start_ong.png\",\"datePublished\":\"2025-12-11T13:31:33+00:00\",\"dateModified\":\"2025-12-29T10:33:51+00:00\",\"breadcrumb\":{\"@id\":\"https:\/\/100playground.ro\/escape-room-2\/#breadcrumb\"},\"inLanguage\":\"en-US\",\"potentialAction\":[{\"@type\":\"ReadAction\",\"target\":[\"https:\/\/100playground.ro\/escape-room-2\/\"]}]},{\"@type\":\"ImageObject\",\"inLanguage\":\"en-US\",\"@id\":\"https:\/\/100playground.ro\/escape-room-2\/#primaryimage\",\"url\":\"https:\/\/100playground.ro\/wp-content\/uploads\/2020\/11\/start_ong.png\",\"contentUrl\":\"https:\/\/100playground.ro\/wp-content\/uploads\/2020\/11\/start_ong.png\"},{\"@type\":\"BreadcrumbList\",\"@id\":\"https:\/\/100playground.ro\/escape-room-2\/#breadcrumb\",\"itemListElement\":[{\"@type\":\"ListItem\",\"position\":1,\"name\":\"Home\",\"item\":\"https:\/\/100playground.ro\/\"},{\"@type\":\"ListItem\",\"position\":2,\"name\":\"Evadare din trecut &#8211; escape room imersiv\"}]},{\"@type\":\"WebSite\",\"@id\":\"https:\/\/100playground.ro\/#website\",\"url\":\"https:\/\/100playground.ro\/\",\"name\":\"100% Playground\",\"description\":\"\",\"publisher\":{\"@id\":\"https:\/\/100playground.ro\/#organization\"},\"potentialAction\":[{\"@type\":\"SearchAction\",\"target\":{\"@type\":\"EntryPoint\",\"urlTemplate\":\"https:\/\/100playground.ro\/?s={search_term_string}\"},\"query-input\":{\"@type\":\"PropertyValueSpecification\",\"valueRequired\":true,\"valueName\":\"search_term_string\"}}],\"inLanguage\":\"en-US\"},{\"@type\":\"Organization\",\"@id\":\"https:\/\/100playground.ro\/#organization\",\"name\":\"100% Playground\",\"url\":\"https:\/\/100playground.ro\/\",\"logo\":{\"@type\":\"ImageObject\",\"inLanguage\":\"en-US\",\"@id\":\"https:\/\/100playground.ro\/#\/schema\/logo\/image\/\",\"url\":\"https:\/\/100playground.ro\/wp-content\/uploads\/2018\/11\/logo-maria-negru.png\",\"contentUrl\":\"https:\/\/100playground.ro\/wp-content\/uploads\/2018\/11\/logo-maria-negru.png\",\"width\":600,\"height\":321,\"caption\":\"100% Playground\"},\"image\":{\"@id\":\"https:\/\/100playground.ro\/#\/schema\/logo\/image\/\"}}]}<\/script>\n<!-- \/ Yoast SEO plugin. -->","yoast_head_json":{"title":"Evadare din trecut - escape room imersiv - 100% Playground","robots":{"index":"index","follow":"follow","max-snippet":"max-snippet:-1","max-image-preview":"max-image-preview:large","max-video-preview":"max-video-preview:-1"},"canonical":"https:\/\/100playground.ro\/en\/escape-room-2\/","og_locale":"en_US","og_type":"article","og_title":"Evadare din trecut - escape room imersiv - 100% Playground","og_description":"Experien\u021b\u0103 imersiv\u0103 despre via\u021ba \u00eentr-un regim totalitar \u201eEvadare din trecut\u201d este un proiect educa\u021bional inovator care \u00eei introduce pe elevi \u00een realitatea dur\u0103 a comunismului printr-o experien\u021b\u0103 imersiv\u0103 de tip escape room \u0219i dou\u0103 scene VR. \u00centr-un context \u00een care peste jum\u0103tate dintre tineri consider\u0103 comunismul benefic \u015fi \u00eel privesc pe Ceau\u0219escu drept un lider [&hellip;]","og_url":"https:\/\/100playground.ro\/en\/escape-room-2\/","og_site_name":"100% Playground","article_modified_time":"2025-12-29T10:33:51+00:00","og_image":[{"width":329,"height":267,"url":"https:\/\/100playground.ro\/wp-content\/uploads\/2020\/11\/start_ong.png","type":"image\/png"}],"twitter_card":"summary_large_image","twitter_misc":{"Est. reading time":"2 minutes"},"schema":{"@context":"https:\/\/schema.org","@graph":[{"@type":"WebPage","@id":"https:\/\/100playground.ro\/escape-room-2\/","url":"https:\/\/100playground.ro\/escape-room-2\/","name":"Evadare din trecut - escape room imersiv - 100% Playground","isPartOf":{"@id":"https:\/\/100playground.ro\/#website"},"primaryImageOfPage":{"@id":"https:\/\/100playground.ro\/escape-room-2\/#primaryimage"},"image":{"@id":"https:\/\/100playground.ro\/escape-room-2\/#primaryimage"},"thumbnailUrl":"https:\/\/100playground.ro\/wp-content\/uploads\/2020\/11\/start_ong.png","datePublished":"2025-12-11T13:31:33+00:00","dateModified":"2025-12-29T10:33:51+00:00","breadcrumb":{"@id":"https:\/\/100playground.ro\/escape-room-2\/#breadcrumb"},"inLanguage":"en-US","potentialAction":[{"@type":"ReadAction","target":["https:\/\/100playground.ro\/escape-room-2\/"]}]},{"@type":"ImageObject","inLanguage":"en-US","@id":"https:\/\/100playground.ro\/escape-room-2\/#primaryimage","url":"https:\/\/100playground.ro\/wp-content\/uploads\/2020\/11\/start_ong.png","contentUrl":"https:\/\/100playground.ro\/wp-content\/uploads\/2020\/11\/start_ong.png"},{"@type":"BreadcrumbList","@id":"https:\/\/100playground.ro\/escape-room-2\/#breadcrumb","itemListElement":[{"@type":"ListItem","position":1,"name":"Home","item":"https:\/\/100playground.ro\/"},{"@type":"ListItem","position":2,"name":"Evadare din trecut &#8211; escape room imersiv"}]},{"@type":"WebSite","@id":"https:\/\/100playground.ro\/#website","url":"https:\/\/100playground.ro\/","name":"100% Playground","description":"","publisher":{"@id":"https:\/\/100playground.ro\/#organization"},"potentialAction":[{"@type":"SearchAction","target":{"@type":"EntryPoint","urlTemplate":"https:\/\/100playground.ro\/?s={search_term_string}"},"query-input":{"@type":"PropertyValueSpecification","valueRequired":true,"valueName":"search_term_string"}}],"inLanguage":"en-US"},{"@type":"Organization","@id":"https:\/\/100playground.ro\/#organization","name":"100% Playground","url":"https:\/\/100playground.ro\/","logo":{"@type":"ImageObject","inLanguage":"en-US","@id":"https:\/\/100playground.ro\/#\/schema\/logo\/image\/","url":"https:\/\/100playground.ro\/wp-content\/uploads\/2018\/11\/logo-maria-negru.png","contentUrl":"https:\/\/100playground.ro\/wp-content\/uploads\/2018\/11\/logo-maria-negru.png","width":600,"height":321,"caption":"100% Playground"},"image":{"@id":"https:\/\/100playground.ro\/#\/schema\/logo\/image\/"}}]}},"_links":{"self":[{"href":"https:\/\/100playground.ro\/en\/wp-json\/wp\/v2\/pages\/1710","targetHints":{"allow":["GET"]}}],"collection":[{"href":"https:\/\/100playground.ro\/en\/wp-json\/wp\/v2\/pages"}],"about":[{"href":"https:\/\/100playground.ro\/en\/wp-json\/wp\/v2\/types\/page"}],"author":[{"embeddable":true,"href":"https:\/\/100playground.ro\/en\/wp-json\/wp\/v2\/users\/1"}],"replies":[{"embeddable":true,"href":"https:\/\/100playground.ro\/en\/wp-json\/wp\/v2\/comments?post=1710"}],"version-history":[{"count":5,"href":"https:\/\/100playground.ro\/en\/wp-json\/wp\/v2\/pages\/1710\/revisions"}],"predecessor-version":[{"id":1717,"href":"https:\/\/100playground.ro\/en\/wp-json\/wp\/v2\/pages\/1710\/revisions\/1717"}],"wp:attachment":[{"href":"https:\/\/100playground.ro\/en\/wp-json\/wp\/v2\/media?parent=1710"}],"curies":[{"name":"wp","href":"https:\/\/api.w.org\/{rel}","templated":true}]}}