{"id":39,"date":"2017-12-05T21:00:14","date_gmt":"2017-12-05T21:00:14","guid":{"rendered":"http:\/\/import.themovation.com\/bellevue2\/chalet\/?page_id=891"},"modified":"2020-01-20T09:49:22","modified_gmt":"2020-01-20T07:49:22","slug":"contact-with-sidebar","status":"publish","type":"page","link":"https:\/\/100playground.ro\/en\/contact-with-sidebar\/","title":{"rendered":"Contact"},"content":{"rendered":"<div data-elementor-type=\"wp-post\" data-elementor-id=\"39\" class=\"elementor elementor-39\">\n\t\t\t\t\t\t<section class=\"has_eae_slider elementor-section elementor-top-section elementor-element elementor-element-7c6ff5bb elementor-section-full_width elementor-section-height-min-height elementor-section-height-default elementor-section-items-middle\" data-eae-slider=\"14733\" data-id=\"7c6ff5bb\" data-element_type=\"section\" data-settings=\"{&quot;background_background&quot;:&quot;classic&quot;}\">\n\t\t\t\t\t\t\t<div class=\"elementor-background-overlay\"><\/div>\n\t\t\t\t\t\t\t<div class=\"elementor-container elementor-column-gap-default\">\n\t\t\t\t\t<div class=\"has_eae_slider elementor-column elementor-col-100 elementor-top-column elementor-element elementor-element-91f9f2b\" data-eae-slider=\"85405\" data-id=\"91f9f2b\" data-element_type=\"column\">\n\t\t\t<div class=\"elementor-widget-wrap elementor-element-populated\">\n\t\t\t\t\t\t<div class=\"elementor-element elementor-element-c79c443 eael-infobox-content-align--center elementor-widget elementor-widget-eael-info-box\" data-id=\"c79c443\" data-element_type=\"widget\" data-widget_type=\"eael-info-box.default\">\n\t\t\t\t<div class=\"elementor-widget-container\">\n\t\t\t\t\t        <div class=\"eael-infobox icon-on-top\">\n\t            <div class=\"infobox-content\">\n                    <div class=\"infobox-title-section\">\n                <h2 class=\"title\">\u00ceNTORSURA BUZ\u0102ULUI\u200b<\/h2>            <\/div>\n            <div><p>We are convinced that we all have our own path to follow. Fascinating and mysterious. Our ambition is to take part in creating a context where your real potential can be carried out.<\/p><\/div>        <div class=\"infobox-button\">\n            <a class=\"eael-infobox-button\" href=\"#map\">\n                                                <span class=\"infobox-button-text\">Harta \u0219i direc\u021bii<\/span>\n                            <\/a>\n        <\/div>\n            <\/div>\n            <\/div>\n\n\t\t\t\t\t\t<\/div>\n\t\t\t\t<\/div>\n\t\t\t\t<div class=\"elementor-element elementor-element-32575fce elementor-widget elementor-widget-spacer\" data-id=\"32575fce\" data-element_type=\"widget\" data-widget_type=\"spacer.default\">\n\t\t\t\t<div class=\"elementor-widget-container\">\n\t\t\t\t\t\t\t<div class=\"elementor-spacer\">\n\t\t\t<div class=\"elementor-spacer-inner\"><\/div>\n\t\t<\/div>\n\t\t\t\t\t\t<\/div>\n\t\t\t\t<\/div>\n\t\t\t\t\t<\/div>\n\t\t<\/div>\n\t\t\t\t\t<\/div>\n\t\t<\/section>\n\t\t\t\t<section class=\"has_eae_slider elementor-section elementor-top-section elementor-element elementor-element-4a38274 elementor-section-height-min-height elementor-section-boxed elementor-section-height-default elementor-section-items-middle\" data-eae-slider=\"9102\" data-id=\"4a38274\" data-element_type=\"section\">\n\t\t\t\t\t\t<div class=\"elementor-container elementor-column-gap-default\">\n\t\t\t\t\t<div class=\"has_eae_slider elementor-column elementor-col-100 elementor-top-column elementor-element elementor-element-76fb043\" data-eae-slider=\"90924\" data-id=\"76fb043\" data-element_type=\"column\">\n\t\t\t<div class=\"elementor-widget-wrap elementor-element-populated\">\n\t\t\t\t\t\t<section class=\"has_eae_slider elementor-section elementor-inner-section elementor-element elementor-element-50bb7f0 elementor-section-boxed elementor-section-height-default elementor-section-height-default\" data-eae-slider=\"82350\" data-id=\"50bb7f0\" data-element_type=\"section\">\n\t\t\t\t\t\t<div class=\"elementor-container elementor-column-gap-default\">\n\t\t\t\t\t<div class=\"has_eae_slider elementor-column elementor-col-25 elementor-inner-column elementor-element elementor-element-b5373e4\" data-eae-slider=\"41084\" data-id=\"b5373e4\" data-element_type=\"column\">\n\t\t\t<div class=\"elementor-widget-wrap elementor-element-populated\">\n\t\t\t\t\t\t<div class=\"elementor-element elementor-element-8c93681 elementor-view-framed elementor-shape-circle elementor-widget elementor-widget-icon\" data-id=\"8c93681\" data-element_type=\"widget\" data-widget_type=\"icon.default\">\n\t\t\t\t<div class=\"elementor-widget-container\">\n\t\t\t\t\t\t\t<div class=\"elementor-icon-wrapper\">\n\t\t\t<a class=\"elementor-icon\" href=\"tel:0040786071726\">\n\t\t\t\t\t\t\t<i class=\"fa fa-phone\" aria-hidden=\"true\"><\/i>\n\t\t\t\t\t\t<\/a>\n\t\t<\/div>\n\t\t\t\t\t\t<\/div>\n\t\t\t\t<\/div>\n\t\t\t\t<div class=\"elementor-element elementor-element-42beb33 elementor-widget elementor-widget-text-editor\" data-id=\"42beb33\" data-element_type=\"widget\" data-widget_type=\"text-editor.default\">\n\t\t\t\t<div class=\"elementor-widget-container\">\n\t\t\t\t\t\t\t\t\t<p>0040 786 071 726<\/p>\t\t\t\t\t\t\t\t<\/div>\n\t\t\t\t<\/div>\n\t\t\t\t\t<\/div>\n\t\t<\/div>\n\t\t\t\t<div class=\"has_eae_slider elementor-column elementor-col-25 elementor-inner-column elementor-element elementor-element-955f157\" data-eae-slider=\"36828\" data-id=\"955f157\" data-element_type=\"column\">\n\t\t\t<div class=\"elementor-widget-wrap elementor-element-populated\">\n\t\t\t\t\t\t<div class=\"elementor-element elementor-element-7c28f60 elementor-view-framed elementor-shape-circle elementor-widget elementor-widget-icon\" data-id=\"7c28f60\" data-element_type=\"widget\" data-widget_type=\"icon.default\">\n\t\t\t\t<div class=\"elementor-widget-container\">\n\t\t\t\t\t\t\t<div class=\"elementor-icon-wrapper\">\n\t\t\t<div class=\"elementor-icon\">\n\t\t\t\t\t\t\t<i class=\"fa fa-map-marker\" aria-hidden=\"true\"><\/i>\n\t\t\t\t\t\t<\/div>\n\t\t<\/div>\n\t\t\t\t\t\t<\/div>\n\t\t\t\t<\/div>\n\t\t\t\t<div class=\"elementor-element elementor-element-f2d08a8 elementor-widget elementor-widget-text-editor\" data-id=\"f2d08a8\" data-element_type=\"widget\" data-widget_type=\"text-editor.default\">\n\t\t\t\t<div class=\"elementor-widget-container\">\n\t\t\t\t\t\t\t\t\t<p>\u00centorsura Buz\u0103ului<\/p>\t\t\t\t\t\t\t\t<\/div>\n\t\t\t\t<\/div>\n\t\t\t\t\t<\/div>\n\t\t<\/div>\n\t\t\t\t<div class=\"has_eae_slider elementor-column elementor-col-25 elementor-inner-column elementor-element elementor-element-459a6d5\" data-eae-slider=\"77893\" data-id=\"459a6d5\" data-element_type=\"column\">\n\t\t\t<div class=\"elementor-widget-wrap elementor-element-populated\">\n\t\t\t\t\t\t<div class=\"elementor-element elementor-element-39c99a1 elementor-view-framed elementor-shape-circle elementor-widget elementor-widget-icon\" data-id=\"39c99a1\" data-element_type=\"widget\" data-widget_type=\"icon.default\">\n\t\t\t\t<div class=\"elementor-widget-container\">\n\t\t\t\t\t\t\t<div class=\"elementor-icon-wrapper\">\n\t\t\t<a class=\"elementor-icon\" href=\"mailto:nume@100playground.ro\">\n\t\t\t\t\t\t\t<i class=\"fa fa-send\" aria-hidden=\"true\"><\/i>\n\t\t\t\t\t\t<\/a>\n\t\t<\/div>\n\t\t\t\t\t\t<\/div>\n\t\t\t\t<\/div>\n\t\t\t\t<div class=\"elementor-element elementor-element-d27d24c elementor-widget elementor-widget-text-editor\" data-id=\"d27d24c\" data-element_type=\"widget\" data-widget_type=\"text-editor.default\">\n\t\t\t\t<div class=\"elementor-widget-container\">\n\t\t\t\t\t\t\t\t\t<p>contact@100playground.ro<\/p>\t\t\t\t\t\t\t\t<\/div>\n\t\t\t\t<\/div>\n\t\t\t\t\t<\/div>\n\t\t<\/div>\n\t\t\t\t<div class=\"has_eae_slider elementor-column elementor-col-25 elementor-inner-column elementor-element elementor-element-e575a43\" data-eae-slider=\"64854\" data-id=\"e575a43\" data-element_type=\"column\">\n\t\t\t<div class=\"elementor-widget-wrap elementor-element-populated\">\n\t\t\t\t\t\t<div class=\"elementor-element elementor-element-28d09dd elementor-view-framed elementor-shape-circle elementor-widget elementor-widget-icon\" data-id=\"28d09dd\" data-element_type=\"widget\" data-widget_type=\"icon.default\">\n\t\t\t\t<div class=\"elementor-widget-container\">\n\t\t\t\t\t\t\t<div class=\"elementor-icon-wrapper\">\n\t\t\t<a class=\"elementor-icon\" href=\"https:\/\/www.facebook.com\/100playground\" target=\"_blank\">\n\t\t\t\t\t\t\t<i class=\"fa fa-facebook\" aria-hidden=\"true\"><\/i>\n\t\t\t\t\t\t<\/a>\n\t\t<\/div>\n\t\t\t\t\t\t<\/div>\n\t\t\t\t<\/div>\n\t\t\t\t<div class=\"elementor-element elementor-element-8aca11c elementor-widget elementor-widget-text-editor\" data-id=\"8aca11c\" data-element_type=\"widget\" data-widget_type=\"text-editor.default\">\n\t\t\t\t<div class=\"elementor-widget-container\">\n\t\t\t\t\t\t\t\t\t<p>100playground<\/p>\t\t\t\t\t\t\t\t<\/div>\n\t\t\t\t<\/div>\n\t\t\t\t\t<\/div>\n\t\t<\/div>\n\t\t\t\t\t<\/div>\n\t\t<\/section>\n\t\t\t\t\t<\/div>\n\t\t<\/div>\n\t\t\t\t\t<\/div>\n\t\t<\/section>\n\t\t\t\t<section class=\"has_eae_slider elementor-section elementor-top-section elementor-element elementor-element-d2eda73 elementor-section-boxed elementor-section-height-default elementor-section-height-default\" data-eae-slider=\"32601\" data-id=\"d2eda73\" data-element_type=\"section\">\n\t\t\t\t\t\t<div class=\"elementor-container elementor-column-gap-default\">\n\t\t\t\t\t<div class=\"has_eae_slider elementor-column elementor-col-100 elementor-top-column elementor-element elementor-element-1bc299a\" data-eae-slider=\"15555\" data-id=\"1bc299a\" data-element_type=\"column\">\n\t\t\t<div class=\"elementor-widget-wrap elementor-element-populated\">\n\t\t\t\t\t\t<div class=\"elementor-element elementor-element-f495372 elementor-widget elementor-widget-image\" data-id=\"f495372\" data-element_type=\"widget\" data-widget_type=\"image.default\">\n\t\t\t\t<div class=\"elementor-widget-container\">\n\t\t\t\t\t\t\t\t\t\t\t\t\t\t\t<img fetchpriority=\"high\" decoding=\"async\" width=\"600\" height=\"321\" src=\"https:\/\/100playground.ro\/wp-content\/uploads\/2018\/11\/logo-maria-negru.png\" class=\"attachment-large size-large wp-image-145\" alt=\"\" srcset=\"https:\/\/100playground.ro\/wp-content\/uploads\/2018\/11\/logo-maria-negru.png 600w, https:\/\/100playground.ro\/wp-content\/uploads\/2018\/11\/logo-maria-negru-300x161.png 300w, https:\/\/100playground.ro\/wp-content\/uploads\/2018\/11\/logo-maria-negru-79x42.png 79w, https:\/\/100playground.ro\/wp-content\/uploads\/2018\/11\/logo-maria-negru-150x80.png 150w, https:\/\/100playground.ro\/wp-content\/uploads\/2018\/11\/logo-maria-negru-394x211.png 394w\" sizes=\"(max-width: 600px) 100vw, 600px\" \/>\t\t\t\t\t\t\t\t\t\t\t\t\t\t\t<\/div>\n\t\t\t\t<\/div>\n\t\t\t\t\t<\/div>\n\t\t<\/div>\n\t\t\t\t\t<\/div>\n\t\t<\/section>\n\t\t\t\t<section class=\"has_eae_slider elementor-section elementor-top-section elementor-element elementor-element-2ea8b4c elementor-section-boxed elementor-section-height-default elementor-section-height-default\" data-eae-slider=\"39771\" data-id=\"2ea8b4c\" data-element_type=\"section\">\n\t\t\t\t\t\t<div class=\"elementor-container elementor-column-gap-default\">\n\t\t\t\t\t<div class=\"has_eae_slider elementor-column elementor-col-100 elementor-top-column elementor-element elementor-element-7d1faa5\" data-eae-slider=\"72296\" data-id=\"7d1faa5\" data-element_type=\"column\">\n\t\t\t<div class=\"elementor-widget-wrap elementor-element-populated\">\n\t\t\t\t\t\t<section class=\"has_eae_slider elementor-section elementor-inner-section elementor-element elementor-element-0ee5953 elementor-section-boxed elementor-section-height-default elementor-section-height-default\" data-eae-slider=\"24227\" data-id=\"0ee5953\" data-element_type=\"section\">\n\t\t\t\t\t\t<div class=\"elementor-container elementor-column-gap-default\">\n\t\t\t\t\t<div class=\"has_eae_slider elementor-column elementor-col-100 elementor-inner-column elementor-element elementor-element-0f8fc92\" data-eae-slider=\"61761\" data-id=\"0f8fc92\" data-element_type=\"column\">\n\t\t\t<div class=\"elementor-widget-wrap elementor-element-populated\">\n\t\t\t\t\t\t<div class=\"elementor-element elementor-element-010c4f0 elementor-widget elementor-widget-google_maps\" data-id=\"010c4f0\" data-element_type=\"widget\" data-widget_type=\"google_maps.default\">\n\t\t\t\t<div class=\"elementor-widget-container\">\n\t\t\t\t\t\t\t<div class=\"elementor-custom-embed\">\n\t\t\t<iframe loading=\"lazy\"\n\t\t\t\t\tsrc=\"https:\/\/maps.google.com\/maps?q=intorsura%20buzaului&#038;t=m&#038;z=10&#038;output=embed&#038;iwloc=near\"\n\t\t\t\t\ttitle=\"intorsura buzaului\"\n\t\t\t\t\taria-label=\"intorsura buzaului\"\n\t\t\t><\/iframe>\n\t\t<\/div>\n\t\t\t\t\t\t<\/div>\n\t\t\t\t<\/div>\n\t\t\t\t\t<\/div>\n\t\t<\/div>\n\t\t\t\t\t<\/div>\n\t\t<\/section>\n\t\t\t\t\t<\/div>\n\t\t<\/div>\n\t\t\t\t<div class=\"has_eae_slider elementor-column elementor-col-100 elementor-top-column elementor-element elementor-element-4280ec2\" data-eae-slider=\"76732\" data-id=\"4280ec2\" data-element_type=\"column\" data-settings=\"{&quot;background_background&quot;:&quot;classic&quot;}\">\n\t\t\t<div class=\"elementor-widget-wrap elementor-element-populated\">\n\t\t\t\t<!-- Themovaiton Sidebar Wrap before --><div class=\"sidebar th-widget-area th-sidebar-widget\"><\/div><!-- Themovaiton Sidebar Wrap after -->\t\t\t<\/div>\n\t\t<\/div>\n\t\t\t\t\t<\/div>\n\t\t<\/section>\n\t\t\t\t<section class=\"has_eae_slider elementor-section elementor-top-section elementor-element elementor-element-d0a8b29 elementor-section-height-min-height elementor-section-boxed elementor-section-height-default elementor-section-items-middle\" data-eae-slider=\"8039\" data-id=\"d0a8b29\" data-element_type=\"section\" data-settings=\"{&quot;background_background&quot;:&quot;classic&quot;}\">\n\t\t\t\t\t\t\t<div class=\"elementor-background-overlay\"><\/div>\n\t\t\t\t\t\t\t<div class=\"elementor-container elementor-column-gap-default\">\n\t\t\t\t\t<div class=\"has_eae_slider elementor-column elementor-col-100 elementor-top-column elementor-element elementor-element-91919be elementor-invisible\" data-eae-slider=\"23902\" data-id=\"91919be\" data-element_type=\"column\" data-settings=\"{&quot;animation&quot;:&quot;fadeIn&quot;}\">\n\t\t\t<div class=\"elementor-widget-wrap elementor-element-populated\">\n\t\t\t\t\t\t<div class=\"elementor-element elementor-element-96b2382 elementor-widget elementor-widget-heading\" data-id=\"96b2382\" data-element_type=\"widget\" data-widget_type=\"heading.default\">\n\t\t\t\t<div class=\"elementor-widget-container\">\n\t\t\t\t\t<p class=\"elementor-heading-title elementor-size-default\">EXPLORE, DISCOVER, DREAM, LEARN<\/p>\t\t\t\t<\/div>\n\t\t\t\t<\/div>\n\t\t\t\t\t<\/div>\n\t\t<\/div>\n\t\t\t\t\t<\/div>\n\t\t<\/section>\n\t\t\t\t<\/div>","protected":false},"excerpt":{"rendered":"<p>\u00ceNTORSURA BUZ\u0102ULUI\u200b Credem c\u0103 exist\u0103 un drum pentru fiecare. Fascinant, misterios. Misiunea noastr\u0103 este s\u0103 contribuim la crearea unui context \u00een care adev\u0103ratul poten\u021bial al participan\u021bilor s\u0103 poat\u0103 fi atins. Harta \u0219i direc\u021bii 0040 786 071 726 \u00centorsura Buz\u0103ului contact@100playground.ro 100playground EXPLOREAZ\u0102, DESCOPER\u0102, VISEAZ\u0102, \u00ceNVA\u021a\u0102<\/p>","protected":false},"author":1,"featured_media":0,"parent":0,"menu_order":15,"comment_status":"closed","ping_status":"closed","template":"","meta":{"_monsterinsights_skip_tracking":false,"_monsterinsights_sitenote_active":false,"_monsterinsights_sitenote_note":"","_monsterinsights_sitenote_category":0,"ocean_post_layout":"","ocean_both_sidebars_style":"","ocean_both_sidebars_content_width":0,"ocean_both_sidebars_sidebars_width":0,"ocean_sidebar":"0","ocean_second_sidebar":"0","ocean_disable_margins":"enable","ocean_add_body_class":"","ocean_shortcode_before_top_bar":"","ocean_shortcode_after_top_bar":"","ocean_shortcode_before_header":"","ocean_shortcode_after_header":"","ocean_has_shortcode":"","ocean_shortcode_after_title":"","ocean_shortcode_before_footer_widgets":"","ocean_shortcode_after_footer_widgets":"","ocean_shortcode_before_footer_bottom":"","ocean_shortcode_after_footer_bottom":"","ocean_display_top_bar":"off","ocean_display_header":"default","ocean_header_style":"","ocean_center_header_left_menu":"0","ocean_custom_header_template":"0","ocean_custom_logo":0,"ocean_custom_retina_logo":0,"ocean_custom_logo_max_width":0,"ocean_custom_logo_tablet_max_width":0,"ocean_custom_logo_mobile_max_width":0,"ocean_custom_logo_max_height":0,"ocean_custom_logo_tablet_max_height":0,"ocean_custom_logo_mobile_max_height":0,"ocean_header_custom_menu":"0","ocean_menu_typo_font_family":"0","ocean_menu_typo_font_subset":"","ocean_menu_typo_font_size":0,"ocean_menu_typo_font_size_tablet":0,"ocean_menu_typo_font_size_mobile":0,"ocean_menu_typo_font_size_unit":"px","ocean_menu_typo_font_weight":"","ocean_menu_typo_font_weight_tablet":"","ocean_menu_typo_font_weight_mobile":"","ocean_menu_typo_transform":"","ocean_menu_typo_transform_tablet":"","ocean_menu_typo_transform_mobile":"","ocean_menu_typo_line_height":0,"ocean_menu_typo_line_height_tablet":0,"ocean_menu_typo_line_height_mobile":0,"ocean_menu_typo_line_height_unit":"","ocean_menu_typo_spacing":0,"ocean_menu_typo_spacing_tablet":0,"ocean_menu_typo_spacing_mobile":0,"ocean_menu_typo_spacing_unit":"","ocean_menu_link_color":"","ocean_menu_link_color_hover":"","ocean_menu_link_color_active":"","ocean_menu_link_background":"","ocean_menu_link_hover_background":"","ocean_menu_link_active_background":"","ocean_menu_social_links_bg":"","ocean_menu_social_hover_links_bg":"","ocean_menu_social_links_color":"","ocean_menu_social_hover_links_color":"","ocean_disable_title":"on","ocean_disable_heading":"enable","ocean_post_title":"","ocean_post_subheading":"","ocean_post_title_style":"","ocean_post_title_background_color":"","ocean_post_title_background":0,"ocean_post_title_bg_image_position":"","ocean_post_title_bg_image_attachment":"","ocean_post_title_bg_image_repeat":"","ocean_post_title_bg_image_size":"","ocean_post_title_height":0,"ocean_post_title_bg_overlay":0.5,"ocean_post_title_bg_overlay_color":"","ocean_disable_breadcrumbs":"default","ocean_breadcrumbs_color":"","ocean_breadcrumbs_separator_color":"","ocean_breadcrumbs_links_color":"","ocean_breadcrumbs_links_hover_color":"","ocean_display_footer_widgets":"default","ocean_display_footer_bottom":"default","ocean_custom_footer_template":"0","omw_enable_modal_window":"enable","footnotes":""},"class_list":["post-39","page","type-page","status-publish","hentry","entry"],"yoast_head":"<!-- This site is optimized with the Yoast SEO plugin v26.4 - https:\/\/yoast.com\/wordpress\/plugins\/seo\/ -->\n<title>Contact - 100% Playground<\/title>\n<meta name=\"robots\" content=\"index, follow, max-snippet:-1, max-image-preview:large, max-video-preview:-1\" \/>\n<link rel=\"canonical\" href=\"https:\/\/100playground.ro\/en\/contact-with-sidebar\/\" \/>\n<meta property=\"og:locale\" content=\"en_US\" \/>\n<meta property=\"og:type\" content=\"article\" \/>\n<meta property=\"og:title\" content=\"Contact - 100% Playground\" \/>\n<meta property=\"og:description\" content=\"\u00ceNTORSURA BUZ\u0102ULUI\u200b Credem c\u0103 exist\u0103 un drum pentru fiecare. Fascinant, misterios. Misiunea noastr\u0103 este s\u0103 contribuim la crearea unui context \u00een care adev\u0103ratul poten\u021bial al participan\u021bilor s\u0103 poat\u0103 fi atins. Harta \u0219i direc\u021bii 0040 786 071 726 \u00centorsura Buz\u0103ului contact@100playground.ro 100playground EXPLOREAZ\u0102, DESCOPER\u0102, VISEAZ\u0102, \u00ceNVA\u021a\u0102\" \/>\n<meta property=\"og:url\" content=\"https:\/\/100playground.ro\/en\/contact-with-sidebar\/\" \/>\n<meta property=\"og:site_name\" content=\"100% Playground\" \/>\n<meta property=\"article:modified_time\" content=\"2020-01-20T07:49:22+00:00\" \/>\n<meta property=\"og:image\" content=\"https:\/\/100playground.ro\/wp-content\/uploads\/2018\/11\/logo-maria-negru.png\" \/>\n<meta name=\"twitter:card\" content=\"summary_large_image\" \/>\n<script type=\"application\/ld+json\" class=\"yoast-schema-graph\">{\"@context\":\"https:\/\/schema.org\",\"@graph\":[{\"@type\":\"WebPage\",\"@id\":\"https:\/\/100playground.ro\/contact-with-sidebar\/\",\"url\":\"https:\/\/100playground.ro\/contact-with-sidebar\/\",\"name\":\"Contact - 100% Playground\",\"isPartOf\":{\"@id\":\"https:\/\/100playground.ro\/#website\"},\"primaryImageOfPage\":{\"@id\":\"https:\/\/100playground.ro\/contact-with-sidebar\/#primaryimage\"},\"image\":{\"@id\":\"https:\/\/100playground.ro\/contact-with-sidebar\/#primaryimage\"},\"thumbnailUrl\":\"https:\/\/100playground.ro\/wp-content\/uploads\/2018\/11\/logo-maria-negru.png\",\"datePublished\":\"2017-12-05T21:00:14+00:00\",\"dateModified\":\"2020-01-20T07:49:22+00:00\",\"breadcrumb\":{\"@id\":\"https:\/\/100playground.ro\/contact-with-sidebar\/#breadcrumb\"},\"inLanguage\":\"en-US\",\"potentialAction\":[{\"@type\":\"ReadAction\",\"target\":[\"https:\/\/100playground.ro\/contact-with-sidebar\/\"]}]},{\"@type\":\"ImageObject\",\"inLanguage\":\"en-US\",\"@id\":\"https:\/\/100playground.ro\/contact-with-sidebar\/#primaryimage\",\"url\":\"https:\/\/100playground.ro\/wp-content\/uploads\/2018\/11\/logo-maria-negru.png\",\"contentUrl\":\"https:\/\/100playground.ro\/wp-content\/uploads\/2018\/11\/logo-maria-negru.png\"},{\"@type\":\"BreadcrumbList\",\"@id\":\"https:\/\/100playground.ro\/contact-with-sidebar\/#breadcrumb\",\"itemListElement\":[{\"@type\":\"ListItem\",\"position\":1,\"name\":\"Home\",\"item\":\"https:\/\/100playground.ro\/\"},{\"@type\":\"ListItem\",\"position\":2,\"name\":\"Contact\"}]},{\"@type\":\"WebSite\",\"@id\":\"https:\/\/100playground.ro\/#website\",\"url\":\"https:\/\/100playground.ro\/\",\"name\":\"100% Playground\",\"description\":\"\",\"publisher\":{\"@id\":\"https:\/\/100playground.ro\/#organization\"},\"potentialAction\":[{\"@type\":\"SearchAction\",\"target\":{\"@type\":\"EntryPoint\",\"urlTemplate\":\"https:\/\/100playground.ro\/?s={search_term_string}\"},\"query-input\":{\"@type\":\"PropertyValueSpecification\",\"valueRequired\":true,\"valueName\":\"search_term_string\"}}],\"inLanguage\":\"en-US\"},{\"@type\":\"Organization\",\"@id\":\"https:\/\/100playground.ro\/#organization\",\"name\":\"100% Playground\",\"url\":\"https:\/\/100playground.ro\/\",\"logo\":{\"@type\":\"ImageObject\",\"inLanguage\":\"en-US\",\"@id\":\"https:\/\/100playground.ro\/#\/schema\/logo\/image\/\",\"url\":\"https:\/\/100playground.ro\/wp-content\/uploads\/2018\/11\/logo-maria-negru.png\",\"contentUrl\":\"https:\/\/100playground.ro\/wp-content\/uploads\/2018\/11\/logo-maria-negru.png\",\"width\":600,\"height\":321,\"caption\":\"100% Playground\"},\"image\":{\"@id\":\"https:\/\/100playground.ro\/#\/schema\/logo\/image\/\"}}]}<\/script>\n<!-- \/ Yoast SEO plugin. -->","yoast_head_json":{"title":"Contact - 100% Playground","robots":{"index":"index","follow":"follow","max-snippet":"max-snippet:-1","max-image-preview":"max-image-preview:large","max-video-preview":"max-video-preview:-1"},"canonical":"https:\/\/100playground.ro\/en\/contact-with-sidebar\/","og_locale":"en_US","og_type":"article","og_title":"Contact - 100% Playground","og_description":"\u00ceNTORSURA BUZ\u0102ULUI\u200b Credem c\u0103 exist\u0103 un drum pentru fiecare. Fascinant, misterios. Misiunea noastr\u0103 este s\u0103 contribuim la crearea unui context \u00een care adev\u0103ratul poten\u021bial al participan\u021bilor s\u0103 poat\u0103 fi atins. Harta \u0219i direc\u021bii 0040 786 071 726 \u00centorsura Buz\u0103ului contact@100playground.ro 100playground EXPLOREAZ\u0102, DESCOPER\u0102, VISEAZ\u0102, \u00ceNVA\u021a\u0102","og_url":"https:\/\/100playground.ro\/en\/contact-with-sidebar\/","og_site_name":"100% Playground","article_modified_time":"2020-01-20T07:49:22+00:00","og_image":[{"url":"https:\/\/100playground.ro\/wp-content\/uploads\/2018\/11\/logo-maria-negru.png","type":"","width":"","height":""}],"twitter_card":"summary_large_image","schema":{"@context":"https:\/\/schema.org","@graph":[{"@type":"WebPage","@id":"https:\/\/100playground.ro\/contact-with-sidebar\/","url":"https:\/\/100playground.ro\/contact-with-sidebar\/","name":"Contact - 100% Playground","isPartOf":{"@id":"https:\/\/100playground.ro\/#website"},"primaryImageOfPage":{"@id":"https:\/\/100playground.ro\/contact-with-sidebar\/#primaryimage"},"image":{"@id":"https:\/\/100playground.ro\/contact-with-sidebar\/#primaryimage"},"thumbnailUrl":"https:\/\/100playground.ro\/wp-content\/uploads\/2018\/11\/logo-maria-negru.png","datePublished":"2017-12-05T21:00:14+00:00","dateModified":"2020-01-20T07:49:22+00:00","breadcrumb":{"@id":"https:\/\/100playground.ro\/contact-with-sidebar\/#breadcrumb"},"inLanguage":"en-US","potentialAction":[{"@type":"ReadAction","target":["https:\/\/100playground.ro\/contact-with-sidebar\/"]}]},{"@type":"ImageObject","inLanguage":"en-US","@id":"https:\/\/100playground.ro\/contact-with-sidebar\/#primaryimage","url":"https:\/\/100playground.ro\/wp-content\/uploads\/2018\/11\/logo-maria-negru.png","contentUrl":"https:\/\/100playground.ro\/wp-content\/uploads\/2018\/11\/logo-maria-negru.png"},{"@type":"BreadcrumbList","@id":"https:\/\/100playground.ro\/contact-with-sidebar\/#breadcrumb","itemListElement":[{"@type":"ListItem","position":1,"name":"Home","item":"https:\/\/100playground.ro\/"},{"@type":"ListItem","position":2,"name":"Contact"}]},{"@type":"WebSite","@id":"https:\/\/100playground.ro\/#website","url":"https:\/\/100playground.ro\/","name":"100% Playground","description":"","publisher":{"@id":"https:\/\/100playground.ro\/#organization"},"potentialAction":[{"@type":"SearchAction","target":{"@type":"EntryPoint","urlTemplate":"https:\/\/100playground.ro\/?s={search_term_string}"},"query-input":{"@type":"PropertyValueSpecification","valueRequired":true,"valueName":"search_term_string"}}],"inLanguage":"en-US"},{"@type":"Organization","@id":"https:\/\/100playground.ro\/#organization","name":"100% Playground","url":"https:\/\/100playground.ro\/","logo":{"@type":"ImageObject","inLanguage":"en-US","@id":"https:\/\/100playground.ro\/#\/schema\/logo\/image\/","url":"https:\/\/100playground.ro\/wp-content\/uploads\/2018\/11\/logo-maria-negru.png","contentUrl":"https:\/\/100playground.ro\/wp-content\/uploads\/2018\/11\/logo-maria-negru.png","width":600,"height":321,"caption":"100% Playground"},"image":{"@id":"https:\/\/100playground.ro\/#\/schema\/logo\/image\/"}}]}},"_links":{"self":[{"href":"https:\/\/100playground.ro\/en\/wp-json\/wp\/v2\/pages\/39","targetHints":{"allow":["GET"]}}],"collection":[{"href":"https:\/\/100playground.ro\/en\/wp-json\/wp\/v2\/pages"}],"about":[{"href":"https:\/\/100playground.ro\/en\/wp-json\/wp\/v2\/types\/page"}],"author":[{"embeddable":true,"href":"https:\/\/100playground.ro\/en\/wp-json\/wp\/v2\/users\/1"}],"replies":[{"embeddable":true,"href":"https:\/\/100playground.ro\/en\/wp-json\/wp\/v2\/comments?post=39"}],"version-history":[{"count":15,"href":"https:\/\/100playground.ro\/en\/wp-json\/wp\/v2\/pages\/39\/revisions"}],"predecessor-version":[{"id":885,"href":"https:\/\/100playground.ro\/en\/wp-json\/wp\/v2\/pages\/39\/revisions\/885"}],"wp:attachment":[{"href":"https:\/\/100playground.ro\/en\/wp-json\/wp\/v2\/media?parent=39"}],"curies":[{"name":"wp","href":"https:\/\/api.w.org\/{rel}","templated":true}]}}